{"id":501,"date":"2021-11-18T14:29:38","date_gmt":"2021-11-18T13:29:38","guid":{"rendered":"https:\/\/www.atlantas.fr\/mentions-legales\/"},"modified":"2021-11-19T11:25:37","modified_gmt":"2021-11-19T10:25:37","slug":"mentions-legales","status":"publish","type":"page","link":"https:\/\/www.atlantas.fr\/en\/mentions-legales\/","title":{"rendered":"Mentions l\u00e9gales"},"content":{"rendered":"\n<div class=\"wp-block-columns intro page-devis\">\n<div class=\"wp-block-column is-vertically-aligned-center\" style=\"flex-basis:40%\">\n<p class=\"sous-titre has-secondaire-color has-text-color\">Qui sommes nous ?<\/p>\n\n\n\n<h1 class=\"has-primaire-color has-text-color\" id=\"block-17bae943-489c-441c-ad8c-45ca11aac1c8\">Mentions<br\/><u><span>L\u00e9gales<\/span><\/u><\/h1>\n<\/div>\n\n\n\n<div class=\"wp-block-column is-vertically-aligned-top\" style=\"flex-basis:60%\">\n<div class=\"wp-block-columns alignfull liens-rapides\">\n<div class=\"wp-block-column\">\n<figure class=\"wp-block-image size-large\"><img loading=\"lazy\" width=\"1024\" height=\"593\" src=\"https:\/\/www.atlantas.fr\/wp-content\/uploads\/2020\/12\/assurance-jet-atlantas-aviation2-1024x593.jpg\" alt=\"Atlantas: Atlantas Aviation Jet Insurance2\" class=\"wp-image-328\" srcset=\"https:\/\/www.atlantas.fr\/wp-content\/uploads\/2020\/12\/assurance-jet-atlantas-aviation2-1024x593.jpg 1024w, https:\/\/www.atlantas.fr\/wp-content\/uploads\/2020\/12\/assurance-jet-atlantas-aviation2-300x174.jpg 300w, https:\/\/www.atlantas.fr\/wp-content\/uploads\/2020\/12\/assurance-jet-atlantas-aviation2-768x445.jpg 768w, https:\/\/www.atlantas.fr\/wp-content\/uploads\/2020\/12\/assurance-jet-atlantas-aviation2.jpg 1440w\" sizes=\"(max-width: 1024px) 100vw, 1024px\" \/><\/figure><\/div>\n<\/div>\n<\/div>\n<\/div>\n\n<div class=\"wp-block-group boxage redactionnel\"><div class=\"wp-block-group__inner-container\">\n<div class=\"wp-block-columns\">\n<div class=\"wp-block-column\" style=\"flex-basis:50%\">\n<p class=\"sous-titre has-secondaire-color has-text-color\"><strong><strong>SARL Atlantas<\/strong><\/strong><\/p>\n\n\n\n<p class=\"has-typo-color has-text-color\">2 51 72 38 38<br\/><a itemprop=\"email\" href=\"mailto:contact@atlantas.fr\">contact@atlantas.fr<\/a><\/p>\n\n\n\n<p class=\"has-typo-color has-text-color\">Le site Internet atlantas.fr est h\u00e9berg\u00e9 par la soci\u00e9t\u00e9 <strong>Niwanet<\/strong>.<br\/>Le site Internet est la propri\u00e9t\u00e9 exclusive de la soci\u00e9t\u00e9 <strong>ATLANTAS<\/strong>. Il a \u00e9t\u00e9 con\u00e7u et r\u00e9alis\u00e9 par <strong>Francecom<\/strong>.<\/p>\n\n\n\n<p class=\"has-typo-color has-text-color\"><strong>FRANCECOM, Web Agency<br\/><\/strong>2, Boulevard Jean Moulin 44100 NANTES<br\/>T\u00e9l : 02 51 80 88 88<br\/>Fax : 02 51 80 88 87<br\/>Web : <a href=\"http:\/\/www.francecom.fr\" target=\"_blank\" rel=\"noreferrer noopener\">www.francecom.fr<\/a><br\/>RCS : Nantes B 410 557 151<br\/>SIRET : 41055715100033<\/p>\n\n\n\n<p class=\"has-typo-color has-text-color\">La consultation du site atlantas.fr est subordonn\u00e9e \u00e0 l\u2019acceptation int\u00e9grale et au respect par les internautes, des conditions d\u2019utilisation suivantes.<\/p>\n\n\n\n<p class=\"has-typo-color has-text-color\">L\u2019internaute s\u2019engage d\u2019ores et d\u00e9j\u00e0 \u00e0 faire des informations contenues sur le Site un usage personnel et non commercial. En cas de non-respect des dispositions de la pr\u00e9sente Charte, par l\u2019internaute, sa responsabilit\u00e9 civile et\/ou p\u00e9nale pourrait se voir engag\u00e9e.<\/p>\n\n\n\n<p class=\"sous-titre has-secondaire-color has-text-color\"><strong><strong>Contenu du Site<\/strong><\/strong><\/p>\n\n\n\n<p class=\"has-typo-color has-text-color\">Le site est exploit\u00e9 par la soci\u00e9t\u00e9 <strong>ATLANTAS<\/strong>.<br\/>Le site pr\u00e9sente les activit\u00e9s de la soci\u00e9t\u00e9 <strong>ATLANTAS<\/strong>.<br\/><a href=\"https:\/\/www.filhetallard.com\/aviation\"><\/a><\/p>\n\n\n\n<p class=\"sous-titre has-secondaire-color has-text-color\"><strong><strong>Propri\u00e9t\u00e9 Intellectuelle<\/strong><\/strong><\/p>\n\n\n\n<p class=\"has-typo-color has-text-color\">Le Site atlantas.fr constitue une \u0153uvre dont <strong>Francecom<\/strong> est l\u2019auteur au sens des articles L111.1 et suivants du Code de propri\u00e9t\u00e9 intellectuelle.<\/p>\n\n\n\n<p class=\"has-typo-color has-text-color\">De mani\u00e8re g\u00e9n\u00e9rale, les donn\u00e9es, les programmes, les \u00e9chantillons musicaux, les textes, les informations, les logos, les identit\u00e9s visuelles, les images anim\u00e9es ou non et leurs mises en forme apparaissant sur le Site atlantas.fr sont la propri\u00e9t\u00e9 de <strong>Francecom<\/strong> (hors photos appartenant \u00e0 la soci\u00e9t\u00e9 <strong>ATLANTAS<\/strong> et textes r\u00e9dig\u00e9s par la soci\u00e9t\u00e9 <strong>ATLANTAS<\/strong>) et sont prot\u00e9g\u00e9es \u00e0 ce titre par les dispositions du Code de la propri\u00e9t\u00e9 intellectuelle.<\/p>\n\n\n\n<p class=\"has-typo-color has-text-color\">Tout internaute s\u2019engage \u00e0 ne pas les utiliser et \u00e0 ne permettre \u00e0 quiconque d\u2019utiliser ces contenus \u00e0 des fins ill\u00e9gales.<\/p>\n\n\n\n<p class=\"has-typo-color has-text-color\">Toute repr\u00e9sentation ou reproduction, totale ou partielle, permanente ou temporaire, sur un support informatique et\/ou papier, et par quelque proc\u00e9d\u00e9 que ce soit (notamment par voie de framing*), de l\u2019un ou l\u2019autre des \u00e9l\u00e9ments du Site atlantas.fr ou des services propos\u00e9s \u00e0 la vente, sans l\u2019accord pr\u00e9alable et expr\u00e8s de <strong>Francecom<\/strong> est interdite, et constitue un acte de contrefa\u00e7on, qui pourra entra\u00eener des condamnations civiles et\/ou p\u00e9nales. Seule l\u2019impression papier est autoris\u00e9e aux fins de copie priv\u00e9e \u00e0 l\u2019usage exclusif du copiste au sens de l\u2019article L122-5 2\u00b0 du Code de propri\u00e9t\u00e9 intellectuelle.<\/p>\n\n\n\n<p class=\"has-typo-color has-text-color\">Aucun lien hypertexte vers le Site atlantas.fr ne peut \u00eatre install\u00e9 sans l\u2019accord pr\u00e9alable et expr\u00e8s de <strong>Francecom<\/strong>.<\/p>\n\n\n\n<p class=\"has-typo-color has-text-color\">*L\u2019action de capter le contenu de pages d\u2019un site Internet pour le transf\u00e9rer sur son propre site Internet par le biais d\u2019un lien hypertexte, en faisant appara\u00eetre le dit contenu comme le sien.<\/p>\n\n\n\n<p class=\"sous-titre has-secondaire-color has-text-color\"><strong><strong>Protection des donn\u00e9es personnelles<\/strong><\/strong><\/p>\n\n\n\n<p class=\"has-typo-color has-text-color\">L\u2019internaute peut \u00eatre amen\u00e9 \u00e0 d\u00e9poser certaines donn\u00e9es personnelles en r\u00e9pondant aux formulaires qui lui sont propos\u00e9s. La saisie de ces donn\u00e9es est n\u00e9cessaire au traitement de la demande de l\u2019internaute, par <strong>Francecom<\/strong>.<\/p>\n\n\n\n<p class=\"has-typo-color has-text-color\"><strong>Francecom<\/strong> s\u2019engage \u00e0 respecter les dispositions de la loi n\u00b078-17 du 6 janvier 1978 relative \u00e0 l\u2019informatique, aux fichiers et aux libert\u00e9s modifi\u00e9e et prendre toute pr\u00e9caution n\u00e9cessaire pour pr\u00e9server la s\u00e9curit\u00e9 des informations nominatives confi\u00e9es. Aucune information \u00e0 caract\u00e8re personnel ne sera communiqu\u00e9e \u00e0 des soci\u00e9t\u00e9s tierces sans l\u2019accord pr\u00e9alable et \u00e9clair\u00e9 de l\u2019internaute.<\/p>\n\n\n\n<p class=\"sous-titre has-secondaire-color has-text-color\"><strong><strong>Cr\u00e9dits photos<\/strong><\/strong><\/p>\n\n\n\n<p class=\"has-typo-color has-text-color\">Photos non contractuelles<\/p>\n<\/div>\n\n\n\n<div class=\"wp-block-column https:\/\/www.atlantas.fr\/\" style=\"flex-basis:50%\">\n<p class=\"sous-titre has-secondaire-color has-text-color\"><strong>Responsabilit\u00e9<\/strong><\/p>\n\n\n\n<p class=\"has-typo-color has-text-color\">La soci\u00e9t\u00e9 <strong>ATLANTAS<\/strong> d\u00e9cline toute responsabilit\u00e9 quant aux \u00e9ventuels dysfonctionnements pouvant survenir sur le Site atlantas.fr et entra\u00eener une perte de donn\u00e9es ou une indisponibilit\u00e9 de l\u2019acc\u00e8s aux informations produites sur celui-ci.<\/p>\n\n\n\n<p class=\"has-typo-color has-text-color\">Les \u00e9l\u00e9ments pr\u00e9sent\u00e9s sur le Site atlantas.fr sont susceptibles de modification sans pr\u00e9avis et sont mis \u00e0 la disposition des internautes, sans aucune garantie d\u2019aucune sorte, expresse ou tacite.<\/p>\n\n\n\n<p class=\"has-typo-color has-text-color\">La pr\u00e9sence de liens hypertextes pr\u00e9sents sur le Site atlantas.fr \u2013 Quel que soit l\u2019existence pr\u00e9alable ou non de l\u2019accord de la soci\u00e9t\u00e9 <strong>ATLANTAS<\/strong> \u2013 ne cr\u00e9e pas une solidarit\u00e9 de responsabilit\u00e9 entre celle-ci et les propri\u00e9taires des autres sites, quant au contenu des sites sur lesquels est redirig\u00e9 l\u2019internaute.<\/p>\n\n\n\n<p class=\"has-typo-color has-text-color\">La soci\u00e9t\u00e9 <strong>ATLANTAS<\/strong> ne peut garantir l\u2019exhaustivit\u00e9 et la v\u00e9racit\u00e9 des informations pr\u00e9sentes sur le Site atlantas.fr . De la m\u00eame mani\u00e8re, il ne peut garantir l\u2019absence de modification par un tiers (intrusion, virus).<\/p>\n\n\n\n<p class=\"has-typo-color has-text-color\">En outre, l\u2019internaute est seul responsable de l\u2019utilisation qu\u2019il fait du contenu du Site atlantas.fr . Sauf faute grave exclusive de la soci\u00e9t\u00e9 <strong>ATLANTAS<\/strong>, sa responsabilit\u00e9 ne peut \u00eatre engag\u00e9e pour des dommages directs et indirects li\u00e9s \u00e0 l\u2019utilisation des informations produites sur le Site atlantas.fr.<\/p>\n\n\n\n<p class=\"sous-titre has-secondaire-color has-text-color\"><strong>Loi applicable et Comp\u00e9tence judiciaire<\/strong><\/p>\n\n\n\n<p class=\"has-typo-color has-text-color\">L\u2019ensemble des informations diffus\u00e9 sur le Site atlantas.fr et l\u2019utilisation qui en est faite sont soumis exclusivement au droit fran\u00e7ais. Seuls les tribunaux relevant du ressort de la <strong>Cour d\u2019Appel de Nantes:<\/strong> sont comp\u00e9tents pour conna\u00eetre des \u00e9ventuels litiges li\u00e9s \u00e0 l\u2019utilisation du Site atlantas.fr.<\/p>\n\n\n\n<p class=\"sous-titre has-secondaire-color has-text-color\"><strong>Condition g\u00e9n\u00e9rales de ventes<\/strong><\/p>\n\n\n\n<p class=\"has-typo-color has-text-color\">Le site atlantas.fr ne permet pas d\u2019effectuer d\u2019achat sur le site. Les Conditions G\u00e9n\u00e9rales de Ventes sont disponibles sur demande \u00e0 l\u2019adresse <a href=\"mailto:contact@camping-eskualduna.fr\"><a itemprop=\"email\" href=\"mailto:contact@atlantas.fr\">contact@atlantas.fr<\/a><\/a>.<\/p>\n\n\n\n<p class=\"sous-titre has-secondaire-color has-text-color\"><strong>Informations relatives aux cookies sur notre site<\/strong><\/p>\n\n\n\n<p class=\"has-typo-color has-text-color\">L\u2019informations d\u00e9taill\u00e9e des cookies et leurs gestions sur le site sont disponibles ici : <a href=\"https:\/\/www.atlantas.fr\/en\/politique-de-cookies-ue\/\">Politique de cookies (EU)<\/a><\/p>\n\n\n\n<p class=\"has-typo-color has-text-color\">Des informations sur votre navigation sont susceptibles d\u2019\u00eatre enregistr\u00e9es dans des fichiers appel\u00e9s \u00ab Cookies \u00bb install\u00e9s sur votre ordinateur, tablette, smartphone.<\/p>\n\n\n\n<p class=\"has-typo-color has-text-color\">Un cookie est un petit fichier texte d\u00e9pos\u00e9 sur votre ordinateur, tablette, smartphone\u2026 via votre navigateur, par le site web que vous consultez. Les cookies peuvent avoir de nombreuses utilit\u00e9s :<\/p>\n\n\n\n<p class=\"has-typo-color has-text-color\"><strong>Les cookies n\u00e9cessaires au fonctionnement du site :<\/strong> Ils permettent de garantir le bon fonctionnement de votre compte ou votre panier par exemple.<\/p>\n\n\n\n<p class=\"has-typo-color has-text-color\"><strong>Les cookies de statistiques :<\/strong> Ces cookies servent afin d\u2019analyser la qualit\u00e9 du site, les performances d\u2019affichages des pages, les pages les plus consult\u00e9es, les pages d\u2019entr\u00e9e ou de sortie des sites<\/p>\n\n\n\n<p class=\"has-typo-color has-text-color\"><strong>Les cookies tiers :<\/strong> Il vous est possible sur certaines pages de les partager vers vos r\u00e9seaux sociaux favoris tels que Facebook, Twitter, Google+\u2026 Ces r\u00e9seaux sociaux peuvent d\u00e9poser un cookie lors du partage sur lequel nous n\u2019avons pas de contr\u00f4le. Vous pourrez retrouver toutes les informations relatives aux cookies d\u00e9pos\u00e9s par les diff\u00e9rents r\u00e9seaux sociaux en consultant leur mentions l\u00e9gales.<\/p>\n\n\n\n<p class=\"has-typo-color has-text-color\"><strong>Configurer les restrictions relatives \u00e0 vos cookies :<\/strong><\/p>\n\n\n\n<p class=\"has-typo-color has-text-color\">Vous pouvez retrouver les possibilit\u00e9s de restrictions de cookies dans le menu Aide en ligne de votre navigateur :<\/p>\n\n\n\n<ul class=\"has-typo-color has-text-color\"><li><a rel=\"noreferrer noopener\" href=\"https:\/\/support.mozilla.org\/fr\/kb\/activer-desactiver-cookies?redirectlocale=fr&amp;redirectslug=Activer+et+d%C3%A9sactiver+les+cookies\" target=\"_blank\">Gestion des cookies Firefox<\/a><\/li><li><a rel=\"noreferrer noopener\" href=\"https:\/\/support.google.com\/chrome\/answer\/95647?hl=fr&amp;hlrm=en\" target=\"_blank\">Gestion des cookies Chrome<\/a><\/li><li><a rel=\"noreferrer noopener\" href=\"http:\/\/support.apple.com\/kb\/HT1677?viewlocale=fr_FR\" target=\"_blank\">Gestion des cookies Safari<\/a><\/li><li><a rel=\"noreferrer noopener\" href=\"http:\/\/help.opera.com\/Windows\/10.20\/fr\/cookies.html\" target=\"_blank\">Gestion des cookies Op\u00e9ra<\/a><\/li><li><a rel=\"noreferrer noopener\" href=\"http:\/\/windows.microsoft.com\/fr-fr\/internet-explorer\/delete-manage-cookies#ie=ie-11\" target=\"_blank\">Gestion des cookies Internet Explorer<\/a><\/li><\/ul>\n\n\n<p class=\"has-typo-color has-text-color\"><strong>Attention, si vous refusez tous les cookies, vous ne pourrez dans certains cas plus utiliser certaines fonctionnalit\u00e9s du site.<\/strong><\/p>\n\n\n\n<p class=\"has-typo-color has-text-color\">Vous pouvez en savoir plus sur l\u2019utilisation des cookies en consultant le site de la CNIL : <strong><a href=\"http:\/\/www.cnil.fr\/vos-droits\/vos-traces\/les-cookies\/\" target=\"_blank\" rel=\"noreferrer noopener\">http:\/\/www.cnil.fr\/vos-droits\/vos-traces\/les-cookies\/<\/a><\/strong><\/p>\n<\/div>\n<\/div>\n<\/div><\/div>\n","protected":false},"excerpt":{"rendered":"<p>Qui sommes nous ? MentionsL\u00e9gales<\/p>\n","protected":false},"author":1,"featured_media":0,"parent":0,"menu_order":0,"comment_status":"closed","ping_status":"closed","template":"","meta":{"ub_ctt_via":""},"featured_image_src":null,"yoast_head":"<!-- This site is optimized with the Yoast SEO plugin v15.7 - https:\/\/yoast.com\/wordpress\/plugins\/seo\/ -->\n<title>Atlantas | D\u00e9couvrez nos Mentions L\u00e9gales<\/title>\n<meta name=\"robots\" content=\"noindex, nofollow\" \/>\n<meta property=\"og:locale\" content=\"en_US\" \/>\n<meta property=\"og:type\" content=\"article\" \/>\n<meta property=\"og:title\" content=\"Atlantas | D\u00e9couvrez nos Mentions L\u00e9gales\" \/>\n<meta property=\"og:description\" content=\"Qui sommes nous ? MentionsL\u00e9gales\" \/>\n<meta property=\"og:url\" content=\"https:\/\/www.atlantas.fr\/en\/mentions-legales\/\" \/>\n<meta property=\"og:site_name\" content=\"Atlantas\" \/>\n<meta property=\"article:modified_time\" content=\"2021-11-19T10:25:37+00:00\" \/>\n<meta property=\"og:image\" content=\"https:\/\/www.atlantas.fr\/wp-content\/uploads\/2020\/12\/assurance-jet-atlantas-aviation2-1024x593.jpg\" \/>\n<meta name=\"twitter:card\" content=\"summary_large_image\" \/>\n<meta name=\"twitter:label1\" content=\"Est. reading time\">\n\t<meta name=\"twitter:data1\" content=\"6 minutes\">\n<script type=\"application\/ld+json\" class=\"yoast-schema-graph\">{\"@context\":\"https:\/\/schema.org\",\"@graph\":[{\"@type\":\"Organization\",\"@id\":\"https:\/\/www.atlantas.fr\/#organization\",\"name\":\"ATLANTAS\",\"url\":\"https:\/\/www.atlantas.fr\/\",\"sameAs\":[],\"logo\":{\"@type\":\"ImageObject\",\"@id\":\"https:\/\/www.atlantas.fr\/#logo\",\"inLanguage\":\"en-US\",\"url\":\"https:\/\/www.atlantas.fr\/wp-content\/uploads\/2020\/12\/atlantas_flat.png\",\"width\":500,\"height\":157,\"caption\":\"ATLANTAS\"},\"image\":{\"@id\":\"https:\/\/www.atlantas.fr\/#logo\"}},{\"@type\":\"WebSite\",\"@id\":\"https:\/\/www.atlantas.fr\/#website\",\"url\":\"https:\/\/www.atlantas.fr\/\",\"name\":\"Atlantas\",\"description\":\"\",\"publisher\":{\"@id\":\"https:\/\/www.atlantas.fr\/#organization\"},\"potentialAction\":[{\"@type\":\"SearchAction\",\"target\":\"https:\/\/www.atlantas.fr\/?s={search_term_string}\",\"query-input\":\"required name=search_term_string\"}],\"inLanguage\":\"en-US\"},{\"@type\":\"ImageObject\",\"@id\":\"https:\/\/www.atlantas.fr\/en\/mentions-legales\/#primaryimage\",\"inLanguage\":\"en-US\",\"url\":\"https:\/\/www.atlantas.fr\/wp-content\/uploads\/2020\/12\/assurance-jet-atlantas-aviation2.jpg\",\"width\":1440,\"height\":834},{\"@type\":\"WebPage\",\"@id\":\"https:\/\/www.atlantas.fr\/en\/mentions-legales\/#webpage\",\"url\":\"https:\/\/www.atlantas.fr\/en\/mentions-legales\/\",\"name\":\"Atlantas | D\\u00e9couvrez nos Mentions L\\u00e9gales\",\"isPartOf\":{\"@id\":\"https:\/\/www.atlantas.fr\/#website\"},\"primaryImageOfPage\":{\"@id\":\"https:\/\/www.atlantas.fr\/en\/mentions-legales\/#primaryimage\"},\"datePublished\":\"2021-11-18T13:29:38+00:00\",\"dateModified\":\"2021-11-19T10:25:37+00:00\",\"inLanguage\":\"en-US\",\"potentialAction\":[{\"@type\":\"ReadAction\",\"target\":[\"https:\/\/www.atlantas.fr\/en\/mentions-legales\/\"]}]}]}<\/script>\n<!-- \/ Yoast SEO plugin. -->","_links":{"self":[{"href":"https:\/\/www.atlantas.fr\/en\/wp-json\/wp\/v2\/pages\/501"}],"collection":[{"href":"https:\/\/www.atlantas.fr\/en\/wp-json\/wp\/v2\/pages"}],"about":[{"href":"https:\/\/www.atlantas.fr\/en\/wp-json\/wp\/v2\/types\/page"}],"author":[{"embeddable":true,"href":"https:\/\/www.atlantas.fr\/en\/wp-json\/wp\/v2\/users\/1"}],"replies":[{"embeddable":true,"href":"https:\/\/www.atlantas.fr\/en\/wp-json\/wp\/v2\/comments?post=501"}],"version-history":[{"count":5,"href":"https:\/\/www.atlantas.fr\/en\/wp-json\/wp\/v2\/pages\/501\/revisions"}],"predecessor-version":[{"id":597,"href":"https:\/\/www.atlantas.fr\/en\/wp-json\/wp\/v2\/pages\/501\/revisions\/597"}],"wp:attachment":[{"href":"https:\/\/www.atlantas.fr\/en\/wp-json\/wp\/v2\/media?parent=501"}],"curies":[{"name":"wp","href":"https:\/\/api.w.org\/{rel}","templated":true}]}}